{"id":6804,"date":"2026-03-30T13:42:09","date_gmt":"2026-03-30T17:42:09","guid":{"rendered":"https:\/\/flakybakery.ca\/?post_type=product&#038;p=6804"},"modified":"2026-03-30T13:44:21","modified_gmt":"2026-03-30T17:44:21","slug":"creme-brulee","status":"publish","type":"product","link":"https:\/\/www.flakydesserts.ca\/en\/product\/creme-brulee\/","title":{"rendered":"Cr\u00e8me Brul\u00e9e"},"content":{"rendered":"<p>A sophisticated twist on a Brazilian classic! Made with a creamy white chocolate brigadeiro and finished with a caramelized sugar topping, inspired by the iconic cr\u00e8me br\u00fbl\u00e9e. Smooth, rich, and delicately crunchy on top \u2014 an elegant and irresistible treat.<\/p>","protected":false},"excerpt":{"rendered":"<p>Cr\u00e8me Br\u00fbl\u00e9e Brigadeiro<\/p>","protected":false},"featured_media":6802,"template":"","meta":[],"product_brand":[],"product_cat":[89],"product_tag":[],"class_list":{"0":"post-6804","1":"product","2":"type-product","3":"status-publish","4":"has-post-thumbnail","6":"product_cat-brazilian-sweets","8":"first","9":"instock","10":"featured","11":"shipping-taxable","12":"purchasable","13":"product-type-woosb"},"_links":{"self":[{"href":"https:\/\/www.flakydesserts.ca\/en\/wp-json\/wp\/v2\/product\/6804","targetHints":{"allow":["GET"]}}],"collection":[{"href":"https:\/\/www.flakydesserts.ca\/en\/wp-json\/wp\/v2\/product"}],"about":[{"href":"https:\/\/www.flakydesserts.ca\/en\/wp-json\/wp\/v2\/types\/product"}],"wp:featuredmedia":[{"embeddable":true,"href":"https:\/\/www.flakydesserts.ca\/en\/wp-json\/wp\/v2\/media\/6802"}],"wp:attachment":[{"href":"https:\/\/www.flakydesserts.ca\/en\/wp-json\/wp\/v2\/media?parent=6804"}],"wp:term":[{"taxonomy":"product_brand","embeddable":true,"href":"https:\/\/www.flakydesserts.ca\/en\/wp-json\/wp\/v2\/product_brand?post=6804"},{"taxonomy":"product_cat","embeddable":true,"href":"https:\/\/www.flakydesserts.ca\/en\/wp-json\/wp\/v2\/product_cat?post=6804"},{"taxonomy":"product_tag","embeddable":true,"href":"https:\/\/www.flakydesserts.ca\/en\/wp-json\/wp\/v2\/product_tag?post=6804"}],"curies":[{"name":"wp","href":"https:\/\/api.w.org\/{rel}","templated":true}]}}