{"id":4999,"date":"2025-08-16T19:16:18","date_gmt":"2025-08-16T23:16:18","guid":{"rendered":"https:\/\/flakybakery.ca\/?post_type=product&#038;p=4999"},"modified":"2026-03-29T21:05:11","modified_gmt":"2026-03-30T01:05:11","slug":"beijinho","status":"publish","type":"product","link":"https:\/\/www.flakydesserts.ca\/en\/product\/beijinho\/","title":{"rendered":"Beijinho"},"content":{"rendered":"<p>Beijinho Gourmet \u2014 Doce cl\u00e1ssico brasileiro com um toque delicado e apaixonante! Preparado com leite condensado cremoso e coco ralado fresco, finalizado com a\u00e7\u00facar cristal e um cravinho no topo. Uma explos\u00e3o de sabor suave e aconchegante que derrete na boca.<\/p>","protected":false},"excerpt":{"rendered":"<p>Beijinho Gourmet \u2014 Delicado e cremoso, feito com leite condensado e coco ralado.<\/p>","protected":false},"featured_media":5000,"template":"","meta":[],"product_brand":[],"product_cat":[89],"product_tag":[],"class_list":{"0":"post-4999","1":"product","2":"type-product","3":"status-publish","4":"has-post-thumbnail","6":"product_cat-brazilian-sweets","8":"first","9":"instock","10":"featured","11":"shipping-taxable","12":"purchasable","13":"product-type-woosb"},"_links":{"self":[{"href":"https:\/\/www.flakydesserts.ca\/en\/wp-json\/wp\/v2\/product\/4999","targetHints":{"allow":["GET"]}}],"collection":[{"href":"https:\/\/www.flakydesserts.ca\/en\/wp-json\/wp\/v2\/product"}],"about":[{"href":"https:\/\/www.flakydesserts.ca\/en\/wp-json\/wp\/v2\/types\/product"}],"wp:featuredmedia":[{"embeddable":true,"href":"https:\/\/www.flakydesserts.ca\/en\/wp-json\/wp\/v2\/media\/5000"}],"wp:attachment":[{"href":"https:\/\/www.flakydesserts.ca\/en\/wp-json\/wp\/v2\/media?parent=4999"}],"wp:term":[{"taxonomy":"product_brand","embeddable":true,"href":"https:\/\/www.flakydesserts.ca\/en\/wp-json\/wp\/v2\/product_brand?post=4999"},{"taxonomy":"product_cat","embeddable":true,"href":"https:\/\/www.flakydesserts.ca\/en\/wp-json\/wp\/v2\/product_cat?post=4999"},{"taxonomy":"product_tag","embeddable":true,"href":"https:\/\/www.flakydesserts.ca\/en\/wp-json\/wp\/v2\/product_tag?post=4999"}],"curies":[{"name":"wp","href":"https:\/\/api.w.org\/{rel}","templated":true}]}}