{"id":6372,"date":"2026-02-06T12:26:47","date_gmt":"2026-02-06T16:26:47","guid":{"rendered":"https:\/\/flakybakery.ca\/?page_id=6372"},"modified":"2026-02-06T12:29:21","modified_gmt":"2026-02-06T16:29:21","slug":"menu-temp","status":"publish","type":"page","link":"https:\/\/www.flakydesserts.ca\/en\/","title":{"rendered":"Menu Digital Temp"},"content":{"rendered":"<div data-elementor-type=\"wp-page\" data-elementor-id=\"6372\" class=\"elementor elementor-6372\">\n\t\t\t\t<div class=\"elementor-element elementor-element-ae63082 e-flex e-con-boxed e-con e-parent\" data-id=\"ae63082\" data-element_type=\"container\" data-e-type=\"container\">\n\t\t\t\t\t<div class=\"e-con-inner\">\n\t\t\t\t<div class=\"elementor-element elementor-element-154e02b elementor-widget elementor-widget-image\" data-id=\"154e02b\" data-element_type=\"widget\" data-e-type=\"widget\" data-widget_type=\"image.default\">\n\t\t\t\t\t\t\t\t\t\t\t\t\t\t\t<img decoding=\"async\" width=\"150\" height=\"150\" src=\"\/wp-content\/uploads\/2025\/08\/1dd1a15a-41b0-407b-8b81-c1d2b1604a08-150x150.webp\" class=\"attachment-thumbnail size-thumbnail wp-image-4689\" alt=\"\" srcset=\"\/wp-content\/uploads\/2025\/08\/1dd1a15a-41b0-407b-8b81-c1d2b1604a08-150x150.webp 150w, \/wp-content\/uploads\/2025\/08\/1dd1a15a-41b0-407b-8b81-c1d2b1604a08-300x300.webp 300w, \/wp-content\/uploads\/2025\/08\/1dd1a15a-41b0-407b-8b81-c1d2b1604a08-100x100.webp 100w, \/wp-content\/uploads\/2025\/08\/1dd1a15a-41b0-407b-8b81-c1d2b1604a08-120x120.webp 120w, \/wp-content\/uploads\/2025\/08\/1dd1a15a-41b0-407b-8b81-c1d2b1604a08-400x400.webp 400w, \/wp-content\/uploads\/2025\/08\/1dd1a15a-41b0-407b-8b81-c1d2b1604a08-600x600.webp 600w, \/wp-content\/uploads\/2025\/08\/1dd1a15a-41b0-407b-8b81-c1d2b1604a08-96x96.webp 96w, \/wp-content\/uploads\/2025\/08\/1dd1a15a-41b0-407b-8b81-c1d2b1604a08-460x460.webp 460w\" sizes=\"(max-width: 150px) 100vw, 150px\" \/>\t\t\t\t\t\t\t\t\t\t\t\t\t\t\t<\/div>\n\t\t\t\t<div class=\"elementor-element elementor-element-e0a8eae elementor-widget elementor-widget-heading\" data-id=\"e0a8eae\" data-element_type=\"widget\" data-e-type=\"widget\" data-widget_type=\"heading.default\">\n\t\t\t\t\t<h2 class=\"elementor-heading-title elementor-size-default\"><a href=\"https:\/\/api.whatsapp.com\/send?phone=16473957751&#038;text=Hi%20there%2C%20I%20would%20like%20to%20place%20an%20order%20on%20Flaky%20Desserts!%20\">\ud83d\udea7 Site em manuten\u00e7\u00e3o\n<br><br>\nNo momento, nossos pedidos est\u00e3o sendo feitos exclusivamente via WhatsApp.\n<br><br>\nVoc\u00ea ser\u00e1 redirecionado automaticamente em instantes.<\/a><\/h2>\t\t\t\t<\/div>\n\t\t\t\t\t<\/div>\n\t\t\t\t<\/div>\n\t\t<div class=\"elementor-element elementor-element-0c14b21 e-flex e-con-boxed e-con e-parent\" data-id=\"0c14b21\" data-element_type=\"container\" data-e-type=\"container\">\n\t\t\t\t\t<div class=\"e-con-inner\">\n\t\t\t\t<div class=\"elementor-element elementor-element-9a326bb elementor-widget elementor-widget-html\" data-id=\"9a326bb\" data-element_type=\"widget\" data-e-type=\"widget\" data-widget_type=\"html.default\">\n\t\t\t\t\t<script> setTimeout(() => { window.location.replace(\"https:\/\/api.whatsapp.com\/send?phone=16473957751&text=Hi%20there%2C%20I%20would%20like%20to%20place%20an%20order%20on%20Flaky%20Desserts!%20\"); }, 5000); <\/script>\t\t\t\t<\/div>\n\t\t\t\t\t<\/div>\n\t\t\t\t<\/div>\n\t\t\t\t<\/div>","protected":false},"excerpt":{"rendered":"<p>\ud83d\udea7 Site em manuten\u00e7\u00e3o No momento, nossos pedidos est\u00e3o sendo feitos exclusivamente via WhatsApp. Voc\u00ea ser\u00e1 redirecionado automaticamente em instantes.<\/p>","protected":false},"author":1,"featured_media":0,"parent":0,"menu_order":0,"comment_status":"closed","ping_status":"closed","template":"elementor_canvas","meta":{"footnotes":""},"class_list":["post-6372","page","type-page","status-publish","hentry"],"_links":{"self":[{"href":"https:\/\/www.flakydesserts.ca\/en\/wp-json\/wp\/v2\/pages\/6372","targetHints":{"allow":["GET"]}}],"collection":[{"href":"https:\/\/www.flakydesserts.ca\/en\/wp-json\/wp\/v2\/pages"}],"about":[{"href":"https:\/\/www.flakydesserts.ca\/en\/wp-json\/wp\/v2\/types\/page"}],"author":[{"embeddable":true,"href":"https:\/\/www.flakydesserts.ca\/en\/wp-json\/wp\/v2\/users\/1"}],"replies":[{"embeddable":true,"href":"https:\/\/www.flakydesserts.ca\/en\/wp-json\/wp\/v2\/comments?post=6372"}],"version-history":[{"count":8,"href":"https:\/\/www.flakydesserts.ca\/en\/wp-json\/wp\/v2\/pages\/6372\/revisions"}],"predecessor-version":[{"id":6383,"href":"https:\/\/www.flakydesserts.ca\/en\/wp-json\/wp\/v2\/pages\/6372\/revisions\/6383"}],"wp:attachment":[{"href":"https:\/\/www.flakydesserts.ca\/en\/wp-json\/wp\/v2\/media?parent=6372"}],"curies":[{"name":"wp","href":"https:\/\/api.w.org\/{rel}","templated":true}]}}