{"id":5555,"date":"2025-10-07T22:59:08","date_gmt":"2025-10-08T02:59:08","guid":{"rendered":"https:\/\/flakybakery.ca\/?page_id=5555"},"modified":"2025-10-07T23:14:11","modified_gmt":"2025-10-08T03:14:11","slug":"politica-cancelamento","status":"publish","type":"page","link":"https:\/\/www.flakydesserts.ca\/en\/politica-cancelamento\/","title":{"rendered":"Politica de Cancelamento"},"content":{"rendered":"<div data-elementor-type=\"wp-page\" data-elementor-id=\"5555\" class=\"elementor elementor-5555\">\n\t\t\t\t<div class=\"elementor-element elementor-element-ae63082 e-flex e-con-boxed e-con e-parent\" data-id=\"ae63082\" data-element_type=\"container\" data-e-type=\"container\">\n\t\t\t\t\t<div class=\"e-con-inner\">\n\t\t\t\t<div class=\"elementor-element elementor-element-154e02b elementor-widget elementor-widget-image\" data-id=\"154e02b\" data-element_type=\"widget\" data-e-type=\"widget\" data-widget_type=\"image.default\">\n\t\t\t\t\t\t\t\t\t\t\t\t\t\t\t<img decoding=\"async\" width=\"150\" height=\"150\" src=\"\/wp-content\/uploads\/2025\/08\/1dd1a15a-41b0-407b-8b81-c1d2b1604a08-150x150.webp\" class=\"attachment-thumbnail size-thumbnail wp-image-4689\" alt=\"\" srcset=\"\/wp-content\/uploads\/2025\/08\/1dd1a15a-41b0-407b-8b81-c1d2b1604a08-150x150.webp 150w, \/wp-content\/uploads\/2025\/08\/1dd1a15a-41b0-407b-8b81-c1d2b1604a08-300x300.webp 300w, \/wp-content\/uploads\/2025\/08\/1dd1a15a-41b0-407b-8b81-c1d2b1604a08-100x100.webp 100w, \/wp-content\/uploads\/2025\/08\/1dd1a15a-41b0-407b-8b81-c1d2b1604a08-120x120.webp 120w, \/wp-content\/uploads\/2025\/08\/1dd1a15a-41b0-407b-8b81-c1d2b1604a08-400x400.webp 400w, \/wp-content\/uploads\/2025\/08\/1dd1a15a-41b0-407b-8b81-c1d2b1604a08-600x600.webp 600w, \/wp-content\/uploads\/2025\/08\/1dd1a15a-41b0-407b-8b81-c1d2b1604a08-96x96.webp 96w, \/wp-content\/uploads\/2025\/08\/1dd1a15a-41b0-407b-8b81-c1d2b1604a08-460x460.webp 460w\" sizes=\"(max-width: 150px) 100vw, 150px\" \/>\t\t\t\t\t\t\t\t\t\t\t\t\t\t\t<\/div>\n\t\t\t\t<div class=\"elementor-element elementor-element-81ac6d3 elementor-widget elementor-widget-text-editor\" data-id=\"81ac6d3\" data-element_type=\"widget\" data-e-type=\"widget\" data-widget_type=\"text-editor.default\">\n\t\t\t\t\t\t\t\t\t<h2 data-start=\"213\" data-end=\"258\"><img decoding=\"async\" class=\"emoji\" role=\"img\" draggable=\"false\" src=\"https:\/\/s.w.org\/images\/core\/emoji\/16.0.1\/svg\/1f9c1.svg\" alt=\"\ud83e\uddc1\"> Pol\u00edtica de Cancelamento \u2014 Flaky Bakery<\/h2>\n<p data-start=\"260\" data-end=\"440\">Para garantir o melhor atendimento e a qualidade dos nossos produtos artesanais, seguimos a pol\u00edtica de cancelamento abaixo para pedidos<\/p>\n<p data-start=\"260\" data-end=\"440\"><img decoding=\"async\" class=\"emoji\" style=\"font-size: 21.4143px; letter-spacing: -0.1px; text-wrap-mode: initial; background-color: #ffffff;\" role=\"img\" draggable=\"false\" src=\"https:\/\/s.w.org\/images\/core\/emoji\/16.0.1\/svg\/1f4b0.svg\" alt=\"\ud83d\udcb0\"><span style=\"font-size: 21.4143px; letter-spacing: -0.1px; text-wrap-mode: initial;\"> <b>Dep\u00f3sito e confirma\u00e7\u00e3o do pedido<\/b><\/span><\/p>\n<h3 data-start=\"442\" data-end=\"481\"><span style=\"text-wrap-mode: initial; font-size: 21.4143px; letter-spacing: -0.1px;\">Todos os pedidos exigem <\/span><strong style=\"text-wrap-mode: initial; font-size: 21.4143px; letter-spacing: -0.1px;\" data-start=\"508\" data-end=\"538\">dep\u00f3sito antecipado de 50%<\/strong><span style=\"text-wrap-mode: initial; font-size: 21.4143px; letter-spacing: -0.1px;\"> do valor total para confirma\u00e7\u00e3o.<\/span><\/h3>\n<h3 data-start=\"442\" data-end=\"481\"><span style=\"text-wrap-mode: initial; font-size: 21.4143px; letter-spacing: -0.1px;\">O pagamento do saldo restante dever\u00e1 ser feito at\u00e9 o momento da entrega ou retirada.<\/span><\/h3>\n<h3 data-start=\"662\" data-end=\"703\"><img decoding=\"async\" class=\"emoji\" role=\"img\" draggable=\"false\" src=\"https:\/\/s.w.org\/images\/core\/emoji\/16.0.1\/svg\/23f0.svg\" alt=\"\u23f0\"> <b>Cancelamentos e prazos de reembolso<\/b><\/h3>\n<h3 data-start=\"662\" data-end=\"703\"><span style=\"text-wrap-mode: initial; font-size: 21.4143px; letter-spacing: -0.1px;\" data-start=\"706\" data-end=\"754\">Cancelamentos com at\u00e9<b> 5 dias de anteced\u00eancia<\/b><\/span><span style=\"text-wrap-mode: initial; font-size: 21.4143px; letter-spacing: -0.1px;\"><b> <\/b>da data de entrega:<\/span><\/h3>\n<h3 data-start=\"662\" data-end=\"703\"><span style=\"text-wrap-mode: initial; font-size: 21.4143px; letter-spacing: -0.1px;\" data-start=\"782\" data-end=\"811\">Reembolso integral (100%)<\/span><span style=\"text-wrap-mode: initial; font-size: 21.4143px; letter-spacing: -0.1px;\"> do valor pago, <\/span><strong style=\"text-wrap-mode: initial; font-size: 21.4143px; letter-spacing: -0.1px;\" data-start=\"827\" data-end=\"858\">exceto itens personalizados<\/strong><span style=\"text-wrap-mode: initial; font-size: 21.4143px; letter-spacing: -0.1px;\">, como topos de bolo.<\/span><\/h3>\n<h3 data-start=\"662\" data-end=\"703\"><strong style=\"text-wrap-mode: initial; font-size: 21.4143px; letter-spacing: -0.1px;\" data-start=\"885\" data-end=\"922\">Cancelamentos com menos de 5 dias<\/strong><span style=\"text-wrap-mode: initial; font-size: 21.4143px; letter-spacing: -0.1px;\"> da data de entrega:<\/span><\/h3>\n<h3 data-start=\"662\" data-end=\"703\"><img decoding=\"async\" class=\"emoji\" style=\"text-wrap-mode: initial; background-color: #ffffff; font-size: 21.4143px; letter-spacing: -0.1px;\" role=\"img\" draggable=\"false\" src=\"https:\/\/s.w.org\/images\/core\/emoji\/16.0.1\/svg\/274c.svg\" alt=\"\u274c\"> <strong style=\"text-wrap-mode: initial; font-size: 21.4143px; letter-spacing: -0.1px;\" data-start=\"949\" data-end=\"976\">Perda total do dep\u00f3sito<\/strong><span style=\"text-wrap-mode: initial; font-size: 21.4143px; letter-spacing: -0.1px;\">, exceto em casos de <\/span><strong style=\"text-wrap-mode: initial; font-size: 21.4143px; letter-spacing: -0.1px;\" data-start=\"997\" data-end=\"1060\">problemas de sa\u00fade comprovados mediante documenta\u00e7\u00e3o m\u00e9dica<\/strong><span style=\"text-wrap-mode: initial; font-size: 21.4143px; letter-spacing: -0.1px;\">.<\/span><\/h3>\n<h3 data-start=\"1065\" data-end=\"1092\"><img decoding=\"async\" class=\"emoji\" role=\"img\" draggable=\"false\" src=\"https:\/\/s.w.org\/images\/core\/emoji\/16.0.1\/svg\/1f382.svg\" alt=\"\ud83c\udf82\"> Itens personalizados<\/h3>\n<h3 data-start=\"1065\" data-end=\"1092\"><span style=\"text-wrap-mode: initial; font-size: 21.4143px; letter-spacing: -0.1px;\">Itens personalizados, como <\/span><strong style=\"text-wrap-mode: initial; font-size: 21.4143px; letter-spacing: -0.1px;\" data-start=\"1122\" data-end=\"1178\">topos de bolo, plaquinhas, impress\u00f5es com nome, etc.<\/strong><span style=\"text-wrap-mode: initial; font-size: 21.4143px; letter-spacing: -0.1px;\">, <\/span><strong style=\"text-wrap-mode: initial; font-size: 21.4143px; letter-spacing: -0.1px;\" data-start=\"1180\" data-end=\"1205\">n\u00e3o s\u00e3o reembols\u00e1veis<\/strong><span style=\"text-wrap-mode: initial; font-size: 21.4143px; letter-spacing: -0.1px;\">, independentemente da data do cancelamento.<\/span><\/h3>\n<h3 data-start=\"1253\" data-end=\"1278\"><img decoding=\"async\" class=\"emoji\" role=\"img\" draggable=\"false\" src=\"https:\/\/s.w.org\/images\/core\/emoji\/16.0.1\/svg\/1f4e6.svg\" alt=\"\ud83d\udce6\"> Altera\u00e7\u00f5es de data<\/h3>\n<h3 data-start=\"1253\" data-end=\"1278\"><span style=\"text-wrap-mode: initial; font-size: 21.4143px; letter-spacing: -0.1px;\">Mudan\u00e7as de data ser\u00e3o avaliadas conforme disponibilidade na agenda.<\/span><\/h3>\n<hr data-start=\"1393\" data-end=\"1396\">\n<h3 data-start=\"1398\" data-end=\"1422\"><img decoding=\"async\" class=\"emoji\" role=\"img\" draggable=\"false\" src=\"https:\/\/s.w.org\/images\/core\/emoji\/16.0.1\/svg\/2764.svg\" alt=\"\u2764\ufe0f\"> <b>Nosso compromisso<\/b><\/h3>\n<p data-start=\"1423\" data-end=\"1658\">Todos os produtos da Flaky Bakery s\u00e3o feitos sob encomenda, com ingredientes frescos e planejamento antecipado de produ\u00e7\u00e3o. Por isso, pedimos a compreens\u00e3o de nossos clientes para mantermos a qualidade e pontualidade que voc\u00ea merece.<\/p>\t\t\t\t\t\t\t\t<\/div>\n\t\t\t\t\t<\/div>\n\t\t\t\t<\/div>\n\t\t\t\t<\/div>","protected":false},"excerpt":{"rendered":"<p>Pol\u00edtica de Cancelamento \u2014 Flaky Bakery Para garantir o melhor atendimento e a qualidade dos nossos produtos artesanais, seguimos a pol\u00edtica de cancelamento abaixo para pedidos Dep\u00f3sito e confirma\u00e7\u00e3o do pedido Todos os pedidos exigem dep\u00f3sito antecipado de 50% do valor total para confirma\u00e7\u00e3o. O pagamento do saldo restante dever\u00e1 ser feito at\u00e9 o momento [&hellip;]<\/p>\n","protected":false},"author":1,"featured_media":0,"parent":0,"menu_order":0,"comment_status":"closed","ping_status":"closed","template":"elementor_canvas","meta":{"footnotes":""},"class_list":["post-5555","page","type-page","status-publish","hentry"],"_links":{"self":[{"href":"https:\/\/www.flakydesserts.ca\/en\/wp-json\/wp\/v2\/pages\/5555","targetHints":{"allow":["GET"]}}],"collection":[{"href":"https:\/\/www.flakydesserts.ca\/en\/wp-json\/wp\/v2\/pages"}],"about":[{"href":"https:\/\/www.flakydesserts.ca\/en\/wp-json\/wp\/v2\/types\/page"}],"author":[{"embeddable":true,"href":"https:\/\/www.flakydesserts.ca\/en\/wp-json\/wp\/v2\/users\/1"}],"replies":[{"embeddable":true,"href":"https:\/\/www.flakydesserts.ca\/en\/wp-json\/wp\/v2\/comments?post=5555"}],"version-history":[{"count":15,"href":"https:\/\/www.flakydesserts.ca\/en\/wp-json\/wp\/v2\/pages\/5555\/revisions"}],"predecessor-version":[{"id":5571,"href":"https:\/\/www.flakydesserts.ca\/en\/wp-json\/wp\/v2\/pages\/5555\/revisions\/5571"}],"wp:attachment":[{"href":"https:\/\/www.flakydesserts.ca\/en\/wp-json\/wp\/v2\/media?parent=5555"}],"curies":[{"name":"wp","href":"https:\/\/api.w.org\/{rel}","templated":true}]}}